{"id":42833,"date":"2012-09-08T16:40:18","date_gmt":"2012-09-08T13:40:18","guid":{"rendered":"http:\/\/www.oncu.com\/eskiharflikitaplar-wordpress\/?page_id=42833"},"modified":"2012-09-08T16:48:46","modified_gmt":"2012-09-08T13:48:46","slug":"kisaltmalar","status":"publish","type":"page","link":"https:\/\/www.oncu.com\/eskiharflikitaplar-wordpress\/index.php\/kisaltmalar\/","title":{"rendered":"Katalog K\u0131saltmalar\u0131"},"content":{"rendered":"<p><span style=\"font-size: x-large;\"><strong>AEKMK<\/strong><\/span><br \/>\n\u0130stanbul Millet K\u00fct\u00fcphanesi Ali Emiri K\u0131sm\u0131<\/p>\n<p><span style=\"font-size: x-large;\"><strong>BA<\/strong><\/span><br \/>\n\u201cIsdepanyan, H.A., Ermeni Harfli T\u00fcrk\u00e7e Kitaplar\u0131n Listesi &#8211; 1727-1968, Ermenistan SSC (Sovyet Sosyalist Cumhuriyeti) Bilimler Akademisi Yay\u0131nevi, Erivan, 1985<\/p>\n<p><span style=\"font-size: x-large;\"><strong>BAD<\/strong><\/span><br \/>\n\u201cIsdepanyan, H.A., Ermeni Harfli T\u00fcrk\u00e7e Kitaplar\u0131n Listesi &#8211; 1727-1968, Ermenistan SSC (Sovyet Sosyalist Cumhuriyeti) Bilimler Akademisi Yay\u0131nevi, Erivan, 1985 i\u00e7indeki \u201cTarihsiz ve Gazetelerden Derlenmi\u015f Kitaplar Listesi\u201d<\/p>\n<p><span style=\"font-size: x-large;\"><strong>BATD<\/strong><\/span><br \/>\n\u201cIsdepanyan, H.A., Ermeni Harfli T\u00fcrk\u00e7e Kitaplar\u0131n Listesi &#8211; 1727-1968, Ermenistan SSC (Sovyet Sosyalist Cumhuriyeti) Bilimler Akademisi Yay\u0131nevi, Erivan, 1985 i\u00e7indeki \u201cEk Derlemeler Katalo\u011fu\u201d<\/p>\n<p><span style=\"font-size: x-large;\"><strong>BDK<\/strong><\/span><br \/>\n\u0130stanbul Bayezit Devlet K\u00fct\u00fcphanesi Eski Harfli T\u00fcrk\u00e7e Basma Eserler Koleksiyonu<\/p>\n<p><span style=\"font-size: x-large;\"><strong>DGR<\/strong><\/span><br \/>\nDi\u011fer Kaynaklar<\/p>\n<p><span style=\"font-size: x-large;\"><strong>HD<\/strong><\/span><br \/>\nDuman, Hasan, Osmanl\u0131 S\u00e2ln\u00e2meleri ve Nes\u00e2lleri, Enformasyon ve Dok\u00fcmantasyon Hizmetleri Vakf\u0131, Ankara, 2000<\/p>\n<p><span style=\"font-size: x-large;\"><strong>KFE (SD)<\/strong><\/span><br \/>\nS\u00e9v\u00e9rien Salaville \u2013 Eug\u00e8ne Dallegio, Karamanlidika. Bibliographie analytique d\u2019ouvrages en langue turque imprim\u00e9s en caract\u00e8res grecs I-III: 1584-1900, Institut Fran\u00e7ais d\u2019Ath\u00e8nes, Ath\u00e8nes, 1958-1974.<\/p>\n<p><span style=\"font-size: x-large;\"><strong>KAMA<\/strong><\/span><br \/>\nEvangelia Balta, Karamanlidika. Additions (1584-1900) Bibliographie analytique, Centre d\u2019\u00c9tudes d\u2019Asie Mineure, Ath\u00e8nes, 1987.<\/p>\n<p><span style=\"font-size: x-large;\"><strong>KAMB<\/strong><\/span><br \/>\nEvangelia Balta, Karamanlidika. Additions (XXe si\u00e8cle) Bibliographie analytique, Centre d\u2019\u00c9tudes d\u2019Asie Mineure, Ath\u00e8nes, 1987.<\/p>\n<p><span style=\"font-size: x-large;\"><strong>KAMC<\/strong><\/span><br \/>\nEvangelia Balta, Karamanlidika. Nouvelles additions et compl\u00e9ments I . Bibliographie analytique, Centre d\u2019\u00c9tudes d\u2019Asie Mineure, Ath\u00e8nes, 1997.<\/p>\n<p><span style=\"font-size: x-large;\"><strong>KAME<\/strong><\/span><br \/>\n\u201cCompl\u00e9ments\u201d, Evangelia Balta, Karamanlidika. Nouvelles additions et compl\u00e9ments I . Bibliographie analytique, Centre d\u2019\u00c9tudes d\u2019Asie Mineure, Ath\u00e8nes, 1997.<\/p>\n<p><span style=\"font-size: x-large;\"><strong>M\u0130L<\/strong><\/span><br \/>\nMilli K\u00fct\u00fcphane Muvakkat Katalo\u011fu<\/p>\n<p><span style=\"font-size: x-large;\"><strong>M\u0130LK<\/strong><\/span><br \/>\nDi\u011fer Katalog ve Kolrksiyonlarda Bulunmay\u0131p Milli K\u00fct\u00fcphane Koleksiyonunda Mevcut Olan Eserler<\/p>\n<p><span style=\"font-size: x-large;\"><strong>NA<\/strong><\/span><br \/>\nAkbayar, Nuri, Eski Harflerle Bas\u0131lm\u0131\u015f T\u00fcrk\u00e7e Eserler Katalo\u011fu\u2019na Zeyl\u00fc\u2019z Zeyl, M\u00fcteferrika, Say\u0131: 1,2,3,15,19, 1993-2001<\/p>\n<p><span style=\"font-size: x-large;\"><strong>\u00d6ZEGE <\/strong><\/span><br \/>\nM. Seyfettin \u00d6zege, Eski Harflerle Bas\u0131lm\u0131\u015f T\u00fcrk\u00e7e Eserler Katalo\u011fu I-V, \u0130stanbul, 1971-1979.<\/p>\n<p><span style=\"font-size: x-large;\"><strong>TBTK <\/strong><\/span><br \/>\nT\u00fcrkiye Basmalar\u0131 Toplu Katalo\u011fu (Arap Harfli T\u00fcrk\u00e7e Eserler)<br \/>\n1729-1928 I-V (A-H), K\u00fclt\u00fcr Bakanl\u0131\u011f\u0131 Milli K\u00fct\u00fcphane Ba\u015fkanl\u0131\u011f\u0131, Ankara, 1990-1998<\/p>\n","protected":false},"excerpt":{"rendered":"<p>AEKMK \u0130stanbul Millet K\u00fct\u00fcphanesi Ali Emiri K\u0131sm\u0131 BA \u201cIsdepanyan, H.A., Ermeni Harfli T\u00fcrk\u00e7e Kitaplar\u0131n Listesi &#8211; 1727-1968, Ermenistan SSC (Sovyet Sosyalist Cumhuriyeti) Bilimler Akademisi Yay\u0131nevi, Erivan, 1985 BAD \u201cIsdepanyan, H.A., Ermeni Harfli T\u00fcrk\u00e7e Kitaplar\u0131n Listesi &#8211; 1727-1968, Ermenistan SSC (Sovyet &hellip; <a href=\"https:\/\/www.oncu.com\/eskiharflikitaplar-wordpress\/index.php\/kisaltmalar\/\">Okumaya devam et <span class=\"meta-nav\">&rarr;<\/span><\/a><\/p>\n","protected":false},"author":5,"featured_media":0,"parent":0,"menu_order":0,"comment_status":"open","ping_status":"open","template":"","meta":{"footnotes":""},"_links":{"self":[{"href":"https:\/\/www.oncu.com\/eskiharflikitaplar-wordpress\/index.php\/wp-json\/wp\/v2\/pages\/42833"}],"collection":[{"href":"https:\/\/www.oncu.com\/eskiharflikitaplar-wordpress\/index.php\/wp-json\/wp\/v2\/pages"}],"about":[{"href":"https:\/\/www.oncu.com\/eskiharflikitaplar-wordpress\/index.php\/wp-json\/wp\/v2\/types\/page"}],"author":[{"embeddable":true,"href":"https:\/\/www.oncu.com\/eskiharflikitaplar-wordpress\/index.php\/wp-json\/wp\/v2\/users\/5"}],"replies":[{"embeddable":true,"href":"https:\/\/www.oncu.com\/eskiharflikitaplar-wordpress\/index.php\/wp-json\/wp\/v2\/comments?post=42833"}],"version-history":[{"count":4,"href":"https:\/\/www.oncu.com\/eskiharflikitaplar-wordpress\/index.php\/wp-json\/wp\/v2\/pages\/42833\/revisions"}],"predecessor-version":[{"id":42836,"href":"https:\/\/www.oncu.com\/eskiharflikitaplar-wordpress\/index.php\/wp-json\/wp\/v2\/pages\/42833\/revisions\/42836"}],"wp:attachment":[{"href":"https:\/\/www.oncu.com\/eskiharflikitaplar-wordpress\/index.php\/wp-json\/wp\/v2\/media?parent=42833"}],"curies":[{"name":"wp","href":"https:\/\/api.w.org\/{rel}","templated":true}]}}