{"id":7,"date":"2011-06-08T20:02:06","date_gmt":"2011-06-08T18:02:06","guid":{"rendered":"http:\/\/www.oncu.com\/eskiharflikitaplar-wordpress\/?page_id=7"},"modified":"2011-06-08T20:02:06","modified_gmt":"2011-06-08T18:02:06","slug":"merhaba","status":"publish","type":"page","link":"https:\/\/www.oncu.com\/eskiharflikitaplar-wordpress\/","title":{"rendered":"Merhaba!"},"content":{"rendered":"<div>\n<p>De\u011ferli kitapseverler \/ kitap dostlar\u0131,<\/p>\n<p>Bir s\u00fcre \u00f6nce, \u201ckitaba ili\u015fkin konularda bilgi al\u0131\u015fveri\u015fi yap\u0131lmas\u0131  amac\u0131yla\u201d K\u0130TAB\u0130YAT forumu olu\u015fturulmu\u015ftu. Ancak, ne yaz\u0131k ki giri\u015fim,  kat\u0131l\u0131m\u0131n neredeyse yok denecek kadar az olmas\u0131 nedeniyle, sonu\u00e7suz  kald\u0131.<\/p>\n<p>Bu sefer sizlere \u201cEski Harfli Basma Kitaplar\u201d hakk\u0131nda bilgi toplamak  amac\u0131yla olu\u015fturdu\u011fumuz, her kitap i\u00e7in ayr\u0131 bir ba\u015fl\u0131\u011f\u0131n yer ald\u0131\u011f\u0131,  \u201cBLOG\u201du sunuyoruz.<\/p>\n<p>BLOG\u2019umuza, bu konuda insan \u00fcst\u00fc bir gayret g\u00f6stererek, devletin dahi  ba\u015faramad\u0131\u011f\u0131 bir i\u015fi ba\u015fararak, bize bir katalog miras b\u0131rakan, \u00fcstad  merhum Seyfettin \u00d6zege\u2019nin hat\u0131ras\u0131na h\u00fcrmeten \u00d6ZEGE ad\u0131n\u0131 verdik.<\/p>\n<p>Biliyoruz ki bir \u00e7ok ki\u015finin belle\u011finde kitaplarla ilgili inan\u0131lmaz  boyutta bilgi bulunuyor. Bu ki\u015filerin bilgilerini payla\u015fmas\u0131 i\u00e7in tek  ortam\u0131n dergilerde yaz\u0131lan makaleler olmas\u0131 ve makale yazman\u0131n zahmetli  ve tecr\u00fcbe gerektiren bir \u00e7aba olmas\u0131 bu ki\u015fileri ne yaz\u0131k ki bu  bilgileri payla\u015fma olana\u011f\u0131ndan mahrum etmi\u015ftir. G\u00fcn\u00fcm\u00fczde bilgi  payla\u015f\u0131m\u0131n\u0131n salt sohbetler yoluyla olmas\u0131 payla\u015f\u0131m\u0131n evrenselle\u015fmesini  engellemi\u015f, bilgiler k\u00fc\u00e7\u00fck bir toplulu\u011fun belleklerinde kalm\u0131\u015ft\u0131r. \u0130\u015fte\u00a0  \u00d6ZEGE blogu bilgi payla\u015f\u0131m\u0131n\u0131n \u00f6n\u00fcndeki engelleri kald\u0131rmak amac\u0131yla  olu\u015fturulmu\u015f ve kullan\u0131ma sunulmu\u015ftur.<\/p>\n<p>Kitaplar hakk\u0131ndaki bilgilerinizi \u00d6ZEGE blogundaki ilgili ba\u015fl\u0131klara  yazarak bu bilgilerin herkes taraf\u0131ndan payla\u015f\u0131lmas\u0131n\u0131  sa\u011flayabileceksiniz.<\/p>\n<p>Kitaplar konusunda sorusu olan ki\u015filer ise sorular\u0131n\u0131 ilgili konulara  yazabileceklerdir. Sorular ve cevaplar herkes taraf\u0131ndan g\u00f6r\u00fclebilece\u011fi  i\u00e7in, bilgi payla\u015f\u0131m\u0131 en \u00fcst d\u00fczeyde ger\u00e7ekle\u015fecektir.<\/p>\n<p>De\u011ferli Dostlar,<\/p>\n<p>Daha \u00f6nceki deneme olan K\u0130TAB\u0130YAT forumunun ba\u015far\u0131s\u0131zl\u0131\u011f\u0131 \u015fevkimizi  k\u0131rmamal\u0131d\u0131r. Ancak, bu uygulaman\u0131n ba\u015far\u0131s\u0131n\u0131n ancak bizlerin  katk\u0131s\u0131yla m\u00fcmk\u00fcn olabilece\u011fini de l\u00fctfen unutmayal\u0131m. Birikecek  bilginin kitapseverler ve ara\u015ft\u0131rmac\u0131lar i\u00e7in yarar\u0131 tart\u0131\u015f\u0131lmazd\u0131r.  Nice \u00f6zel bilgilere sahip oldu\u011funu bildi\u011fimiz \u00fcstadlar\u0131m\u0131z\u0131n bu  bilgileri \u00d6ZEGE blogunda payla\u015fmalar\u0131, gerek sorular\u0131n cevaplanmas\u0131 ve  bilgilerin yo\u011funla\u015fmas\u0131, gerekse ilgi uyand\u0131rarak yeni kitap dostlar\u0131  kazand\u0131rmas\u0131 a\u00e7\u0131s\u0131ndan \u00e7ok \u00f6nemlidir.<\/p>\n<p>Bilgi s\u0131nanmas\u0131n\u0131n ancak payla\u015fma yoluyla olabildi\u011fi ger\u00e7e\u011finden  hareketle \u00d6ZEGE blogu ayr\u0131 bir \u00f6nem ta\u015f\u0131maktad\u0131r. K\u0131s\u0131tl\u0131 hatta yanl\u0131\u015f  bir bilginin blogda yay\u0131nlanmas\u0131 ile bu bilginin ba\u015fkalar\u0131 taraf\u0131ndan  do\u011frulanabilme olas\u0131l\u0131\u011f\u0131n\u0131 ortaya \u00e7\u0131kacakt\u0131r. B\u00f6ylece, bilgiler  hatalardan ar\u0131nacak, do\u011fru ve ayr\u0131nt\u0131l\u0131 bilgilerden olu\u015fmu\u015f bir bilgi  bankas\u0131 olu\u015facakt\u0131r.<\/p>\n<p>\u00d6ZEGE blogu hakk\u0131ndaki s\u00f6zlerimizi say\u0131sal bir saptamayla bitirmek istiyoruz:<\/p>\n<p>\u00d6ZEGE bloguna her g\u00fcn 10 kitap hakk\u0131nda yaz\u0131 yaz\u0131l\u0131rsa bu bir y\u0131lda  3,650 kitap demektir. 10 y\u0131lda bu say\u0131 36,500 e ula\u015facakt\u0131r ki bu  T\u00fcrkiye\u2019de bas\u0131lan eski harfli kitap say\u0131s\u0131n\u0131n nerede ise % 80 sine denk  gelir. Yay\u0131nlanan kitaplar\u0131n ancak bu kadar\u0131n\u0131n ilgi oda\u011f\u0131 olabilece\u011fi  ger\u00e7e\u011finden hareketle, 10 y\u0131lda, i\u00e7inde \u00fczerinde konu\u015fmaya de\u011fer her  kitap konusunda bilgi birikecek olan bir bilgi bankas\u0131n\u0131 olu\u015fturma  arac\u0131n\u0131 kullan\u0131m\u0131n\u0131za sunuyoruz.<\/p>\n<p>\u00d6ZEGE blogunun amac\u0131n\u0131n ger\u00e7ekle\u015fmesi ancak en geni\u015f anlamda kat\u0131l\u0131m,  \u00e7aba ve yard\u0131mlarla m\u00fcmk\u00fcn olabilecektir. Her g\u00fcn harcanacak 15-20  dakikan\u0131n T\u00fcrkiye kitap tarihine \u00e7ok \u00f6nemli katk\u0131lar\u0131 olaca\u011f\u0131n\u0131n  bilincinde olarak <strong>\u201cHer g\u00fcn bir kitap hakk\u0131nda bilgi girelim\u201d<\/strong> slogan\u0131n\u0131 herkesle payla\u015fman\u0131z\u0131 diliyoruz.<\/p>\n<p>Sayg\u0131lar\u0131m\u0131zla<\/p>\n<\/div>\n","protected":false},"excerpt":{"rendered":"<p>De\u011ferli kitapseverler \/ kitap dostlar\u0131, Bir s\u00fcre \u00f6nce, \u201ckitaba ili\u015fkin konularda bilgi al\u0131\u015fveri\u015fi yap\u0131lmas\u0131 amac\u0131yla\u201d K\u0130TAB\u0130YAT forumu olu\u015fturulmu\u015ftu. Ancak, ne yaz\u0131k ki giri\u015fim, kat\u0131l\u0131m\u0131n neredeyse yok denecek kadar az olmas\u0131 nedeniyle, sonu\u00e7suz kald\u0131. Bu sefer sizlere \u201cEski Harfli Basma Kitaplar\u201d &hellip; <a href=\"https:\/\/www.oncu.com\/eskiharflikitaplar-wordpress\/\">Okumaya devam et <span class=\"meta-nav\">&rarr;<\/span><\/a><\/p>\n","protected":false},"author":1,"featured_media":0,"parent":0,"menu_order":0,"comment_status":"open","ping_status":"open","template":"","meta":{"footnotes":""},"_links":{"self":[{"href":"https:\/\/www.oncu.com\/eskiharflikitaplar-wordpress\/index.php\/wp-json\/wp\/v2\/pages\/7"}],"collection":[{"href":"https:\/\/www.oncu.com\/eskiharflikitaplar-wordpress\/index.php\/wp-json\/wp\/v2\/pages"}],"about":[{"href":"https:\/\/www.oncu.com\/eskiharflikitaplar-wordpress\/index.php\/wp-json\/wp\/v2\/types\/page"}],"author":[{"embeddable":true,"href":"https:\/\/www.oncu.com\/eskiharflikitaplar-wordpress\/index.php\/wp-json\/wp\/v2\/users\/1"}],"replies":[{"embeddable":true,"href":"https:\/\/www.oncu.com\/eskiharflikitaplar-wordpress\/index.php\/wp-json\/wp\/v2\/comments?post=7"}],"version-history":[{"count":1,"href":"https:\/\/www.oncu.com\/eskiharflikitaplar-wordpress\/index.php\/wp-json\/wp\/v2\/pages\/7\/revisions"}],"predecessor-version":[{"id":8,"href":"https:\/\/www.oncu.com\/eskiharflikitaplar-wordpress\/index.php\/wp-json\/wp\/v2\/pages\/7\/revisions\/8"}],"wp:attachment":[{"href":"https:\/\/www.oncu.com\/eskiharflikitaplar-wordpress\/index.php\/wp-json\/wp\/v2\/media?parent=7"}],"curies":[{"name":"wp","href":"https:\/\/api.w.org\/{rel}","templated":true}]}}